{"id":12788,"date":"2016-08-07T03:04:07","date_gmt":"2016-08-07T01:04:07","guid":{"rendered":"https:\/\/www.barsch-alarm.de\/news\/?page_id=12788"},"modified":"2018-04-29T15:28:58","modified_gmt":"2018-04-29T13:28:58","slug":"forum-nutzungsbedingungen","status":"publish","type":"page","link":"https:\/\/www.barsch-alarm.de\/news\/forum-nutzungsbedingungen\/","title":{"rendered":"Forum &#8211; Nutzungsbedingungen"},"content":{"rendered":"<h3>Rechtlicher Hinweis \/ Kompetenzen<\/h3>\n<p>Johannes Dietel ist rechtlich f\u00fcr den Inhalt u.a. was dem Boardbetrieb(Forum) betrifft verantwortlich, die hier geltenden Boardregeln und Nutzungsbedingungen sind daher einzuhalten. Beitr\u00e4ge von Usern, die den Nutzungsbedingungen und den Boardregeln nicht entsprechen sind rechtlich f\u00fcr diese Beitr\u00e4ge als Verfasser verantwortlich. Sollten Probleme mit dem Barsch-Alarm Forum auftreten, ist die administrative Ebene der richtige Ansprechpartner f\u00fcr die Mitglieder, und k\u00f6nnen \u00fcber das Kontaktformular gemeldet werden!<\/p>\n<h3>Nutzungsrechtshinweise<\/h3>\n<p>Der Betreiber beh\u00e4lt sich das Recht vor, die Inhalte der Website jederzeit abzu\u00e4ndern oder zu entfernen. Auch \u00fcbernimmt der Betreiber keinerlei Gew\u00e4hr, f\u00fcr die Verf\u00fcgbarkeit der Dienste, den Verlust der auf Barsch-Alarm abgespeicherten Daten (Anh\u00e4nge, Beitr\u00e4ge, Themen, private Nachrichten o.a.), oder der Nutzbarkeit f\u00fcr bestimmte Zwecke und kann nicht haftbar gemacht werden. Dar\u00fcber hinaus haftet der Betreiber nur f\u00fcr grobe Fahrl\u00e4ssigkeit und Vorsatz. Der Internetauftritt kann technische oder andere Ungenauigkeiten, Schreib- oder Tippfehler enthalten.<\/p>\n<h3>Postings und Internetforen<\/h3>\n<p>Die Teilnahme an der Community bzw. die M\u00f6glichkeit von Postings auf dem Barsch-Alarm zu antworten setzen eine Anmeldung des\/der Nutzers\/Nutzerin unter Angabe bestimmter Daten bei der Registrierung voraus. Die Kommentare der Nutzer\/ innen geben nicht die Meinung des Betreibers wieder. Der Betreiber beh\u00e4lt sich ausdr\u00fccklich vor, Kommentare, welche straf- oder zivilrechtliche Normen verletzen, den guten Sitten widersprechen oder sonst dem Zweck, den Zielen oder dem Ansehen dem Barsch-Alarm zuwiderlaufen, zu entfernen. Weiters beh\u00e4lt sich der Betreiber vor, Schadenersatzanspr\u00fcche geltend zu machen und strafrechtlich relevante Tatbest\u00e4nde zur Anzeige zu bringen.<\/p>\n<p>Aufgrund der sich st\u00e4ndig ver\u00e4ndernden Inhalte bei Kommentaren und im Forum ist es dem Betreiber und seinem Team nicht m\u00f6glich, alle Beitr\u00e4ge l\u00fcckenlos zu sichten, inhaltlich zu pr\u00fcfen und die unmittelbare aktive Kontrolle dar\u00fcber auszu\u00fcben. Es wird keine Verantwortung f\u00fcr den Inhalt, die Korrektheit und die Form der eingestellten Beitr\u00e4ge \u00fcbernommen.<\/p>\n<h3>Besondere Nutzungsbedingungen f\u00fcr registrierte Nutzer\/ innen<\/h3>\n<p>Er\/sie verpflichtet sich,<\/p>\n<ul>\n<li>in seinen\/ihren Beitr\u00e4gen jegliche Beleidigungen, strafbare Inhalte, Pornographie und grobe Ausdrucksweisen zu unterlassen<\/li>\n<li>Zitate nur Auszugsweise zu posten und immer eine Quellenangabe mit Link im Thema zu setzen<\/li>\n<li>Angriffe gegen das Team und dem Projekt Barsch-Alarm und hochpushen negativer Themen durch Trolling \/ Flaming zu unterlassen<\/li>\n<li>die alleinige Verantwortung f\u00fcr die von ihm\/ihr eingestellte Inhalte zu tragen, Rechte Dritter (insbesondere Marken-, Urheber- und Pers\u00f6nlichkeitsrechte) nicht zu verletzen und den Betreiber der Barsch-Alarm durch ihre Beitr\u00e4ge ausgel\u00f6sten<br \/>\n    Anspr\u00fcchen Dritter vollst\u00e4ndig schad- und klaglos zu halten<\/li>\n<li>weder in Foren noch in Kommentaren gewerbliche oder kommerzielle Werbung irgendwelcher Art einzustellen oder Foren und Kommentare zu irgendeiner Art gewerblicher T\u00e4tigkeit zu nutzen. Insbesondere gilt das f\u00fcr die Ver\u00f6ffentlichung von Rufnummern und Domainnamen<\/li>\n<li>im Profil \/ Foren keine Links oder Werbung zu Homepages \/ Webangeboten mit Filesharing \/ Warezangeboten \/ nicht jugendfreien Inhalten (FSK 16+) zu posten<\/li>\n<li>eigene Profilangaben wahrheitsgem\u00e4\u00df zu machen. Sinnlose Antworten werden entfernt, der Benutzer ggf. verwarnt oder von der Profilbenutzung ausgeschlossen<\/li>\n<li>das die eigene Registrierung einmalig ist. Doppelte Accounts sind nicht gestattet, diese werden erkannt und gel\u00f6scht<\/li>\n<\/ul>\n<p>Bei Verletzungen dieser Pflichten beh\u00e4lt sich der Betreiber vor, von seinem virtuellen Hausrecht Gebrauch zu machen, die Mitgliedschaft vor\u00fcbergehend zu sperren oder dauerhaft zu l\u00f6schen. Es k\u00f6nnen bei Zuwiderhandlungen die Rechte f\u00fcr das Profil, Signatur u.a. entzogen \/ eingeschr\u00e4nkt und \/ oder andere Ma\u00dfnahmen getroffen werden. Bei besonderen Vertrauensbruch \/ Versto\u00df gegen die Teamregeln vom Usern, die das Team verlassen haben, kann auch ein sofortiger Ausschlu\u00df aus dem Board erfolgen. <\/p>\n<p>Es besteht keinerlei Anspruch auf Ver\u00f6ffentlichung von eingereichten Kommentaren oder Forenbeitr\u00e4gen. Der Betreiber beh\u00e4lt sich vor, Kommentare, Postings und Beitr\u00e4ge nach eigenem Ermessen zu editieren oder zu l\u00f6schen.<\/p>\n<h3>Einreichen von Beitr\u00e4gen und Artikeln<\/h3>\n<p>Registrierte Nutzer\/innen haben die M\u00f6glichkeit eigene Beitr\u00e4ge f\u00fcr den redaktionellen Teil des Barsch-Alarm (F.A.Q. \/ News) einzureichen. Voraussetzung ist, dass das Mitglied sein vollst\u00e4ndiges Benutzerprofil eingetragen hat. Der Beitrag wird unter Angabe des Nicknamens des Verfassers\/Verfasserin ver\u00f6ffentlicht. <\/p>\n<p>Das Mitglied versichert, dass die eingereichten Beitr\u00e4ge frei von Rechten Dritter, insbesondere Urheber-, Marken- oder Pers\u00f6nlichkeitsrechten sind. Dies gilt f\u00fcr alle eingereichten Beitr\u00e4ge und Bildwerke. Es verpflichtet sich, den Betreiber diesbez\u00fcglich schad- und klaglos zu halten. Das Mitglied r\u00e4umt den Betreibern ein uneingeschr\u00e4nktes Nutzungsrecht an den eingereichten Beitr\u00e4gen ein. Dieses umfasst die Ver\u00f6ffentlichung im Internet auf barsch-alarm.de. Das uneingeschr\u00e4nkte Nutzungsrecht der Themen- und Anhangsinhalte gehen nach beenden der Mitgliedschaft, egal aus welchen Gr\u00fcnden, auf den Barsch-Alarm \u00fcber.<\/p>\n<p>Eingereichte Beitr\u00e4ge werden auf Verlangen des Mitgliedes per E-Mail an die Adresse der Administration innerhalb von 7 Tagen ab Aufforderung wieder gel\u00f6scht. F\u00fcr allf\u00e4llige Sch\u00e4den, die dem Mitglied aus einer versp\u00e4teten L\u00f6schung des Beitrages entstehen, haftet der Betreiber nicht. In diesem Zusammenhang wird ausdr\u00fccklich darauf hingewiesen, dass der Barsch-Alarm regelm\u00e4\u00dfig von Suchmaschinen indexiert wird, und dass der Betreiber keinen Einfluss darauf hat, ob, wo und wie lange auf einmal ver\u00f6ffentlichte Beitr\u00e4ge auch nach L\u00f6schung vom Barsch-Alarm in Datenbanken von Suchmaschinen und Webkatalogen gespeichert und abrufbar bleiben. Es besteht keinerlei Anspruch auf Speicherung, Ver\u00f6ffentlichung oder Archivierung der eingereichten Beitr\u00e4ge. Der Betreiber beh\u00e4lt sich vor, eingereichte Beitr\u00e4ge ohne Angabe von Gr\u00fcnden nicht zu ver\u00f6ffentlichen, vor Ver\u00f6ffentlichung zu editieren oder nach Ver\u00f6ffentlichung nach freiem Ermessen wieder zu l\u00f6schen.<\/p>\n<h3>Registrierung und Passw\u00f6rter<\/h3>\n<p>Der Benutzer ist verpflichtet, die Kombination Benutzername \/ Passwort vertraulich zu behandeln und nicht an Dritte weiterzugeben, auch das Team wird nie Passw\u00f6rter f\u00fcr Support verlangen. Bei Verdacht auf Missbrauch der Zugangsdaten ist der Betreiber zu informieren. Wegen dem integrierten Zensursystem d\u00fcrfen im Benutzernamen und E-Mail Anschrift keine &#8222;anst\u00f6\u00dfigen&#8220; W\u00f6rter vorkommen. Bei einer Registrierung ist es ebenfalls untersagt, sogenannte Trashmail Adressen zu verwenden die auch als &#8222;anonyme Wegwerf Email Adressen&#8220; bekannt sind. User die solch Adressen verwenden, behalten wir uns vor sofort zu l\u00f6schen.<\/p>\n<h3>Private Nachrichten<\/h3>\n<p>Jedes Mitglied ist f\u00fcr ein Backup, auf dem Barsch-Alarm abgelegten privaten Nachrichten verantwortlich. Das Mitglied ist verpflichtet, privaten Nachrichten in regelm\u00e4\u00dfigen Abst\u00e4nden aufzur\u00e4umen und nicht mehr ben\u00f6tigte Nachrichten zu entfernen. Alle Nachrichten k\u00f6nnen vom Mitglied markiert und in verschiedenen Dateiformaten ( XML | CSV | Text ) auf den eigenen PC archiviert werden. Die Barsch-Alarm wird bei Erreichung einer bestimmten Datenbank \/ Tabellengr\u00f6\u00dfe eine DB-Reorganisation vornehmen und die Mitglieder rechtzeitig benachrichtigen, damit nach den o.g. Punkten gehandelt werden kann.<\/p>\n<h3>Accountl\u00f6schung \/ Benutzerentfernung<\/h3>\n<p>Der eingerichtete Benutzeraccount kann auf Wunsch gel\u00f6scht werden. Hierzu gen\u00fcgt eine E-Mail oder PN an den Betreiber \/ das Forenteam mit der Angabe des Nicknames. Die ver\u00f6ffentlichen Beitr\u00e4ge gehen automatisch in den Besitz des Barsch-Alarm \u00fcber und der Themenstarter wird als &#8222;Gast&#8220; anonymisiert. Diese Agenda wurde auch bei der &#8222;Registrierung&#8220; angezeigt und muss dort durch eine Auswahlbox explizit akzeptiert werden.<\/p>\n<h3>K\u00fcndigung der Mitgliedschaft<\/h3>\n<p>Die Barsch-Alarm Community kann ohne Angaben von Gr\u00fcnden, die Mitgliedschaft jederzeit ohne einer Frist k\u00fcndigen und somit von seinem virtuellen Hausrecht Gebrauch machen. Die K\u00fcndigung wird per E-Mail und privater Nachricht ausgesprochen. Das Mitglied wird durch das Team mehrfach verwarnt, Verwarnungen sind im Profil des Mitgliedes einsehbar. Die ver\u00f6ffentlichen Beitr\u00e4ge gehen automatisch in den Besitz der Barsch-Alarm \u00fcber und der Themenstarter wird als &#8222;Gast&#8220; anonymisiert. Alle relevanten Daten werden bei der Accountl\u00f6schung des Users gel\u00f6scht und der User verpflichtet sich, keinen neuen Account unter anderem Namen einzurichten. Sollte das Mitglied sich trotzdem unter einem anderen oder mehreren Nicknamen neue Accounts anlegen, kann die Barsch-Alarm zu lasten des gek\u00fcndigten Mitgliedes ein Unterlassungsurteil \/ einstweilige Verf\u00fcgung erwirken.<\/p>\n<h3>Signaturen<\/h3>\n<p>Signaturen m\u00fcssen nach folgenden Bestimmungen erstellt werden. 4 Zeilen in normaler Schriftgr\u00f6sse oder 8 Zeilen in kleiner Schriftgr\u00f6sse und bis zu 90 Zeichen pro Zeile. Ein direktes verlinken von Bildern auf eigenen oder fremden Webspace ist nicht gestattet. Desweiteren sind Erotische o.a. Banner (auch Kommerzielle ) die gegen die Boardregeln \/ Nutzungsbedingungen versto\u00dfen untersagt. Signaturen die gegen diese Regeln sind, werden ohne Kommentar editiert.<\/p>\n<h3>Kommerzielle Werbung<\/h3>\n<p>Werbung f\u00fcr kommerzielle Angebote, Firmen und Zeitschriften im Thread, Signatur o.a. ohne Absprache sind zu unterlassen und werden entfernt. Kommerzielle Anbieter werden auf unsere Bannerrotation verlinkt. Diese Rotation der Banner ist f\u00fcr jeden User einsehbar. <\/p>\n<h3>Externe Links<\/h3>\n<p>F\u00fcr Internetseiten Dritter, auf die durch Links verwiesen wird, tragen ausschlie\u00dflich die jeweiligen Anbieter die Verantwortung. Der Betreiber ist f\u00fcr den Inhalt der Seiten Dritter nicht verantwortlich, er ist auch nicht verpflichtet, den Inhalt dieser Seiten st\u00e4ndig zu \u00fcberpr\u00fcfen. Der Betreiber \u00fcbernimmt weiters keinerlei Verantwortung f\u00fcr Websites Dritter, die einen Link auf die Seite des Betreibers enthalten.<\/p>\n<h3>Problemsupport<\/h3>\n<p>Bei Problemen mit dem Board oder Lizensierung haben die Administratoren die M\u00f6glichkeit, sich durch technische Einrichtung als entsprechenden User einzuloggen. Dieses dient nur der Fehlerbehebung, wird nicht mi\u00dfbraucht und erfolgt nur nach R\u00fccksprache mit dem User.<\/p>\n<p>Diese Allgemeinen Nutzungsbedingungen beziehen sich auf den Barsch-Alarm unter www.barsch-alarm.de. Auf diese wurde bei der Anmeldung auf Barsch-Alarm hingewiesen und somit vom Mitglied akzeptiert. Sofern Teile oder einzelne Formulierungen dieses Textes der geltenden Rechtslage nicht, nicht mehr oder nicht vollst\u00e4ndig entsprechen sollten, bleiben die \u00fcbrigen Teile des Dokumentes in ihrem Inhalt und ihrer G\u00fcltigkeit davon unber\u00fchrt. Die Nutzungsbedingung k\u00f6nnen bei Bedarf erweitert werden und sind regelm\u00e4\u00dfig einzusehen, desweiteren sind die Boardregeln und die Datenschutzerkl\u00e4rung fester Bestandteil dieser Nutzungsbedingung.<\/p>\n<p><em>Ge\u00e4ndert: 29.04.2018<\/em><\/p>\n","protected":false},"excerpt":{"rendered":"<p>Rechtlicher Hinweis \/ Kompetenzen Johannes Dietel ist rechtlich f\u00fcr den Inhalt u.a. was dem Boardbetrieb(Forum) betrifft verantwortlich, die hier geltenden Boardregeln und Nutzungsbedingungen sind daher einzuhalten. Beitr\u00e4ge von Usern, die den Nutzungsbedingungen und den Boardregeln nicht entsprechen sind rechtlich f\u00fcr diese Beitr\u00e4ge als Verfasser verantwortlich. Sollten Probleme mit dem Barsch-Alarm Forum auftreten, ist die administrative &hellip; <\/p>\n<p class=\"link-more\"><a href=\"https:\/\/www.barsch-alarm.de\/news\/forum-nutzungsbedingungen\/\" class=\"more-link\">Read more\u2026<\/a><\/p>\n","protected":false},"author":5,"featured_media":0,"parent":0,"menu_order":0,"comment_status":"closed","ping_status":"closed","template":"","meta":[],"featured_image_urls":{"full":"","thumbnail":"","medium":"","medium_large":"","large":"","1536x1536":"","2048x2048":"","thxpress-featured-image":"","400x250-crop":""},"post_excerpt_stackable":"<p>Rechtlicher Hinweis \/ Kompetenzen Johannes Dietel ist rechtlich f\u00fcr den Inhalt u.a. was dem Boardbetrieb(Forum) betrifft verantwortlich, die hier geltenden Boardregeln und Nutzungsbedingungen sind daher einzuhalten. Beitr\u00e4ge von Usern, die den Nutzungsbedingungen und den Boardregeln nicht entsprechen sind rechtlich f\u00fcr diese Beitr\u00e4ge als Verfasser verantwortlich. Sollten Probleme mit dem Barsch-Alarm Forum auftreten, ist die administrative Ebene der richtige Ansprechpartner f\u00fcr die Mitglieder, und k\u00f6nnen \u00fcber das Kontaktformular gemeldet werden! Nutzungsrechtshinweise Der Betreiber beh\u00e4lt sich das Recht vor, die Inhalte der Website jederzeit abzu\u00e4ndern oder zu entfernen. Auch \u00fcbernimmt der Betreiber keinerlei Gew\u00e4hr, f\u00fcr die Verf\u00fcgbarkeit der Dienste, den Verlust der&hellip;<\/p>\n","category_list":"","author_info":{"name":"dietel","url":"https:\/\/www.barsch-alarm.de\/news\/author\/dietel\/"},"comments_num":"0 Kommentare","featured_image_urls_v2":{"full":"","thumbnail":"","medium":"","medium_large":"","large":"","1536x1536":"","2048x2048":"","thxpress-featured-image":"","400x250-crop":""},"post_excerpt_stackable_v2":"<p>Rechtlicher Hinweis \/ Kompetenzen Johannes Dietel ist rechtlich f\u00fcr den Inhalt u.a. was dem Boardbetrieb(Forum) betrifft verantwortlich, die hier geltenden Boardregeln und Nutzungsbedingungen sind daher einzuhalten. Beitr\u00e4ge von Usern, die den Nutzungsbedingungen und den Boardregeln nicht entsprechen sind rechtlich f\u00fcr diese Beitr\u00e4ge als Verfasser verantwortlich. Sollten Probleme mit dem Barsch-Alarm Forum auftreten, ist die administrative Ebene der richtige Ansprechpartner f\u00fcr die Mitglieder, und k\u00f6nnen \u00fcber das Kontaktformular gemeldet werden! Nutzungsrechtshinweise Der Betreiber beh\u00e4lt sich das Recht vor, die Inhalte der Website jederzeit abzu\u00e4ndern oder zu entfernen. Auch \u00fcbernimmt der Betreiber keinerlei Gew\u00e4hr, f\u00fcr die Verf\u00fcgbarkeit der Dienste, den Verlust der&hellip;<\/p>\n","category_list_v2":"","author_info_v2":{"name":"dietel","url":"https:\/\/www.barsch-alarm.de\/news\/author\/dietel\/"},"comments_num_v2":"0 Kommentare","yoast_head":"<!-- This site is optimized with the Yoast SEO plugin v19.11 - https:\/\/yoast.com\/wordpress\/plugins\/seo\/ -->\n<title>| Barsch-Alarm<\/title>\n<meta name=\"robots\" content=\"index, follow, max-snippet:-1, max-image-preview:large, max-video-preview:-1\" \/>\n<link rel=\"canonical\" href=\"https:\/\/www.barsch-alarm.de\/news\/forum-nutzungsbedingungen\/\" \/>\n<meta name=\"twitter:label1\" content=\"Gesch\u00e4tzte Lesezeit\" \/>\n\t<meta name=\"twitter:data1\" content=\"8\u00a0Minuten\" \/>\n<script type=\"application\/ld+json\" class=\"yoast-schema-graph\">{\"@context\":\"https:\/\/schema.org\",\"@graph\":[{\"@type\":\"WebPage\",\"@id\":\"https:\/\/www.barsch-alarm.de\/news\/forum-nutzungsbedingungen\/\",\"url\":\"https:\/\/www.barsch-alarm.de\/news\/forum-nutzungsbedingungen\/\",\"name\":\"| Barsch-Alarm\",\"isPartOf\":{\"@id\":\"https:\/\/www.barsch-alarm.de\/news\/#website\"},\"datePublished\":\"2016-08-07T01:04:07+00:00\",\"dateModified\":\"2018-04-29T13:28:58+00:00\",\"breadcrumb\":{\"@id\":\"https:\/\/www.barsch-alarm.de\/news\/forum-nutzungsbedingungen\/#breadcrumb\"},\"inLanguage\":\"de\",\"potentialAction\":[{\"@type\":\"ReadAction\",\"target\":[\"https:\/\/www.barsch-alarm.de\/news\/forum-nutzungsbedingungen\/\"]}]},{\"@type\":\"BreadcrumbList\",\"@id\":\"https:\/\/www.barsch-alarm.de\/news\/forum-nutzungsbedingungen\/#breadcrumb\",\"itemListElement\":[{\"@type\":\"ListItem\",\"position\":1,\"name\":\"Startseite\",\"item\":\"https:\/\/www.barsch-alarm.de\/news\/\"},{\"@type\":\"ListItem\",\"position\":2,\"name\":\"Forum &#8211; Nutzungsbedingungen\"}]},{\"@type\":\"WebSite\",\"@id\":\"https:\/\/www.barsch-alarm.de\/news\/#website\",\"url\":\"https:\/\/www.barsch-alarm.de\/news\/\",\"name\":\"Barsch-Alarm\",\"description\":\"das gr\u00f6\u00dfte Angelforum f\u00fcr Spinnangler\",\"publisher\":{\"@id\":\"https:\/\/www.barsch-alarm.de\/news\/#\/schema\/person\/625ad6937f19daaa4355ae4dcce349f7\"},\"potentialAction\":[{\"@type\":\"SearchAction\",\"target\":{\"@type\":\"EntryPoint\",\"urlTemplate\":\"https:\/\/www.barsch-alarm.de\/news\/?s={search_term_string}\"},\"query-input\":\"required name=search_term_string\"}],\"inLanguage\":\"de\"},{\"@type\":[\"Person\",\"Organization\"],\"@id\":\"https:\/\/www.barsch-alarm.de\/news\/#\/schema\/person\/625ad6937f19daaa4355ae4dcce349f7\",\"name\":\"dietel\",\"image\":{\"@type\":\"ImageObject\",\"inLanguage\":\"de\",\"@id\":\"https:\/\/www.barsch-alarm.de\/news\/#\/schema\/person\/image\/\",\"url\":\"https:\/\/secure.gravatar.com\/avatar\/365783e1f60d378ef793fb7c5bb3ef04?s=96&d=mm&r=g\",\"contentUrl\":\"https:\/\/secure.gravatar.com\/avatar\/365783e1f60d378ef793fb7c5bb3ef04?s=96&d=mm&r=g\",\"caption\":\"dietel\"},\"logo\":{\"@id\":\"https:\/\/www.barsch-alarm.de\/news\/#\/schema\/person\/image\/\"},\"sameAs\":[\"http:\/\/www.barsch-alarm.de\/member.php?5-dietel\"]}]}<\/script>\n<!-- \/ Yoast SEO plugin. -->","yoast_head_json":{"title":"| Barsch-Alarm","robots":{"index":"index","follow":"follow","max-snippet":"max-snippet:-1","max-image-preview":"max-image-preview:large","max-video-preview":"max-video-preview:-1"},"canonical":"https:\/\/www.barsch-alarm.de\/news\/forum-nutzungsbedingungen\/","twitter_misc":{"Gesch\u00e4tzte Lesezeit":"8\u00a0Minuten"},"schema":{"@context":"https:\/\/schema.org","@graph":[{"@type":"WebPage","@id":"https:\/\/www.barsch-alarm.de\/news\/forum-nutzungsbedingungen\/","url":"https:\/\/www.barsch-alarm.de\/news\/forum-nutzungsbedingungen\/","name":"| Barsch-Alarm","isPartOf":{"@id":"https:\/\/www.barsch-alarm.de\/news\/#website"},"datePublished":"2016-08-07T01:04:07+00:00","dateModified":"2018-04-29T13:28:58+00:00","breadcrumb":{"@id":"https:\/\/www.barsch-alarm.de\/news\/forum-nutzungsbedingungen\/#breadcrumb"},"inLanguage":"de","potentialAction":[{"@type":"ReadAction","target":["https:\/\/www.barsch-alarm.de\/news\/forum-nutzungsbedingungen\/"]}]},{"@type":"BreadcrumbList","@id":"https:\/\/www.barsch-alarm.de\/news\/forum-nutzungsbedingungen\/#breadcrumb","itemListElement":[{"@type":"ListItem","position":1,"name":"Startseite","item":"https:\/\/www.barsch-alarm.de\/news\/"},{"@type":"ListItem","position":2,"name":"Forum &#8211; Nutzungsbedingungen"}]},{"@type":"WebSite","@id":"https:\/\/www.barsch-alarm.de\/news\/#website","url":"https:\/\/www.barsch-alarm.de\/news\/","name":"Barsch-Alarm","description":"das gr\u00f6\u00dfte Angelforum f\u00fcr Spinnangler","publisher":{"@id":"https:\/\/www.barsch-alarm.de\/news\/#\/schema\/person\/625ad6937f19daaa4355ae4dcce349f7"},"potentialAction":[{"@type":"SearchAction","target":{"@type":"EntryPoint","urlTemplate":"https:\/\/www.barsch-alarm.de\/news\/?s={search_term_string}"},"query-input":"required name=search_term_string"}],"inLanguage":"de"},{"@type":["Person","Organization"],"@id":"https:\/\/www.barsch-alarm.de\/news\/#\/schema\/person\/625ad6937f19daaa4355ae4dcce349f7","name":"dietel","image":{"@type":"ImageObject","inLanguage":"de","@id":"https:\/\/www.barsch-alarm.de\/news\/#\/schema\/person\/image\/","url":"https:\/\/secure.gravatar.com\/avatar\/365783e1f60d378ef793fb7c5bb3ef04?s=96&d=mm&r=g","contentUrl":"https:\/\/secure.gravatar.com\/avatar\/365783e1f60d378ef793fb7c5bb3ef04?s=96&d=mm&r=g","caption":"dietel"},"logo":{"@id":"https:\/\/www.barsch-alarm.de\/news\/#\/schema\/person\/image\/"},"sameAs":["http:\/\/www.barsch-alarm.de\/member.php?5-dietel"]}]}},"_links":{"self":[{"href":"https:\/\/www.barsch-alarm.de\/news\/wp-json\/wp\/v2\/pages\/12788"}],"collection":[{"href":"https:\/\/www.barsch-alarm.de\/news\/wp-json\/wp\/v2\/pages"}],"about":[{"href":"https:\/\/www.barsch-alarm.de\/news\/wp-json\/wp\/v2\/types\/page"}],"author":[{"embeddable":true,"href":"https:\/\/www.barsch-alarm.de\/news\/wp-json\/wp\/v2\/users\/5"}],"replies":[{"embeddable":true,"href":"https:\/\/www.barsch-alarm.de\/news\/wp-json\/wp\/v2\/comments?post=12788"}],"version-history":[{"count":14,"href":"https:\/\/www.barsch-alarm.de\/news\/wp-json\/wp\/v2\/pages\/12788\/revisions"}],"predecessor-version":[{"id":18644,"href":"https:\/\/www.barsch-alarm.de\/news\/wp-json\/wp\/v2\/pages\/12788\/revisions\/18644"}],"wp:attachment":[{"href":"https:\/\/www.barsch-alarm.de\/news\/wp-json\/wp\/v2\/media?parent=12788"}],"curies":[{"name":"wp","href":"https:\/\/api.w.org\/{rel}","templated":true}]}}